{"id":88,"date":"2015-03-06T17:09:58","date_gmt":"2015-03-06T17:09:58","guid":{"rendered":"http:\/\/helama.fi\/?page_id=88"},"modified":"2019-10-31T14:32:31","modified_gmt":"2019-10-31T14:32:31","slug":"kumppanit","status":"publish","type":"page","link":"https:\/\/helama.fi\/?page_id=88","title":{"rendered":"KUMPPANIT"},"content":{"rendered":"<ul>\n<li><a href=\"http:\/\/www.phamalainen.net\/\">Rakennusliike Pekka H\u00e4m\u00e4l\u00e4inen Oy<br \/>\n<\/a>Rakennusalan palvelut, saneeraus- ja uudiskohteet<\/li>\n<li><a href=\"http:\/\/www.korves.fi\/\">Korves Oy<\/a><br \/>\nVedenk\u00e4sittelyn ja energiatuotannon erikoiskemikaalit<\/li>\n<li><a href=\"http:\/\/finnfuture.fi\/\">Finnfuture Oy<\/a><br \/>\nKiinteist\u00f6automaatio, s\u00e4hk\u00f6ty\u00f6t<\/li>\n<li><a href=\"http:\/\/www.inmeco.fi\/\">Inmeco Oy<\/a><br \/>\nRakennus- ja kiinteist\u00f6alan asiantuntijapalvelut, Jyv\u00e4skyl\u00e4n Asuntomessujen talo numero kolme, El\u00e4m\u00e4n Lanka, putkity\u00f6t Laatuty\u00f6 Helama Oy <a href=\"http:\/\/www.asuntomessut.fi\/jyvaskyla-2014\/elaman-lanka\">www.asuntomessut.fi\/jyvaskyla-2014\/elaman-lanka<\/a><\/li>\n<li><a href=\"https:\/\/www.ssrv.fi\/\">Sis\u00e4-Suomen Rakennus Viimeistely Oy: SSRV<\/a><br \/><img decoding=\"async\" loading=\"lazy\" style=\"margin-top: 15px;\" class=\"alignnone wp-image-111\" src=\"http:\/\/helama.fi\/wp-content\/uploads\/2019\/10\/Logo2-1-1-300x96.png\" alt=\"\" width=\"200\" height=\"64\" srcset=\"https:\/\/helama.fi\/wp-content\/uploads\/2019\/10\/Logo2-1-1-300x96.png 300w, https:\/\/helama.fi\/wp-content\/uploads\/2019\/10\/Logo2-1-1-768x245.png 768w, https:\/\/helama.fi\/wp-content\/uploads\/2019\/10\/Logo2-1-1-1024x327.png 1024w, https:\/\/helama.fi\/wp-content\/uploads\/2019\/10\/Logo2-1-1.png 1486w\" sizes=\"(max-width: 200px) 100vw, 200px\" \/><\/li>\n<\/ul>\n","protected":false},"excerpt":{"rendered":"<p>Rakennusliike Pekka H\u00e4m\u00e4l\u00e4inen Oy Rakennusalan palvelut, saneeraus- ja uudiskohteet Korves Oy Vedenk\u00e4sittelyn ja energiatuotannon erikoiskemikaalit Finnfuture Oy Kiinteist\u00f6automaatio, s\u00e4hk\u00f6ty\u00f6t Inmeco Oy Rakennus- ja kiinteist\u00f6alan asiantuntijapalvelut, Jyv\u00e4skyl\u00e4n Asuntomessujen talo numero kolme, El\u00e4m\u00e4n Lanka, putkity\u00f6t Laatuty\u00f6 Helama Oy www.asuntomessut.fi\/jyvaskyla-2014\/elaman-lanka Sis\u00e4-Suomen Rakennus Viimeistely Oy: SSRV<\/p>\n","protected":false},"author":1,"featured_media":0,"parent":0,"menu_order":0,"comment_status":"closed","ping_status":"closed","template":"","meta":{"generate_page_header":"","footnotes":""},"yoast_head":"<!-- This site is optimized with the Yoast SEO plugin v21.5 - https:\/\/yoast.com\/wordpress\/plugins\/seo\/ -->\n<title>KUMPPANIT - Laatuty\u00f6 Helama Oy<\/title>\n<meta name=\"robots\" content=\"index, follow, max-snippet:-1, max-image-preview:large, max-video-preview:-1\" \/>\n<link rel=\"canonical\" href=\"https:\/\/helama.fi\/?page_id=88\" \/>\n<meta property=\"og:locale\" content=\"fi_FI\" \/>\n<meta property=\"og:type\" content=\"article\" \/>\n<meta property=\"og:title\" content=\"KUMPPANIT - Laatuty\u00f6 Helama Oy\" \/>\n<meta property=\"og:description\" content=\"Rakennusliike Pekka H\u00e4m\u00e4l\u00e4inen Oy Rakennusalan palvelut, saneeraus- ja uudiskohteet Korves Oy Vedenk\u00e4sittelyn ja energiatuotannon erikoiskemikaalit Finnfuture Oy Kiinteist\u00f6automaatio, s\u00e4hk\u00f6ty\u00f6t Inmeco Oy Rakennus- ja kiinteist\u00f6alan asiantuntijapalvelut, Jyv\u00e4skyl\u00e4n Asuntomessujen talo numero kolme, El\u00e4m\u00e4n Lanka, putkity\u00f6t Laatuty\u00f6 Helama Oy www.asuntomessut.fi\/jyvaskyla-2014\/elaman-lanka Sis\u00e4-Suomen Rakennus Viimeistely Oy: SSRV\" \/>\n<meta property=\"og:url\" content=\"https:\/\/helama.fi\/?page_id=88\" \/>\n<meta property=\"og:site_name\" content=\"Laatuty\u00f6 Helama Oy\" \/>\n<meta property=\"article:modified_time\" content=\"2019-10-31T14:32:31+00:00\" \/>\n<meta property=\"og:image\" content=\"http:\/\/helama.fi\/wp-content\/uploads\/2019\/10\/Logo2-1-1-300x96.png\" \/>\n<script type=\"application\/ld+json\" class=\"yoast-schema-graph\">{\"@context\":\"https:\/\/schema.org\",\"@graph\":[{\"@type\":\"WebPage\",\"@id\":\"https:\/\/helama.fi\/?page_id=88\",\"url\":\"https:\/\/helama.fi\/?page_id=88\",\"name\":\"KUMPPANIT - Laatuty\u00f6 Helama Oy\",\"isPartOf\":{\"@id\":\"https:\/\/helama.fi\/#website\"},\"datePublished\":\"2015-03-06T17:09:58+00:00\",\"dateModified\":\"2019-10-31T14:32:31+00:00\",\"breadcrumb\":{\"@id\":\"https:\/\/helama.fi\/?page_id=88#breadcrumb\"},\"inLanguage\":\"fi\",\"potentialAction\":[{\"@type\":\"ReadAction\",\"target\":[\"https:\/\/helama.fi\/?page_id=88\"]}]},{\"@type\":\"BreadcrumbList\",\"@id\":\"https:\/\/helama.fi\/?page_id=88#breadcrumb\",\"itemListElement\":[{\"@type\":\"ListItem\",\"position\":1,\"name\":\"Home\",\"item\":\"https:\/\/helama.fi\/\"},{\"@type\":\"ListItem\",\"position\":2,\"name\":\"KUMPPANIT\"}]},{\"@type\":\"WebSite\",\"@id\":\"https:\/\/helama.fi\/#website\",\"url\":\"https:\/\/helama.fi\/\",\"name\":\"Laatuty\u00f6 Helama Oy\",\"description\":\"Tasokkaasti luonnikas\",\"publisher\":{\"@id\":\"https:\/\/helama.fi\/#organization\"},\"potentialAction\":[{\"@type\":\"SearchAction\",\"target\":{\"@type\":\"EntryPoint\",\"urlTemplate\":\"https:\/\/helama.fi\/?s={search_term_string}\"},\"query-input\":\"required name=search_term_string\"}],\"inLanguage\":\"fi\"},{\"@type\":\"Organization\",\"@id\":\"https:\/\/helama.fi\/#organization\",\"name\":\"Laatuty\u00f6 Helama Oy\",\"url\":\"https:\/\/helama.fi\/\",\"logo\":{\"@type\":\"ImageObject\",\"inLanguage\":\"fi\",\"@id\":\"https:\/\/helama.fi\/#\/schema\/logo\/image\/\",\"url\":\"https:\/\/helama.fi\/wp-content\/uploads\/2015\/02\/helam_logo.png\",\"contentUrl\":\"https:\/\/helama.fi\/wp-content\/uploads\/2015\/02\/helam_logo.png\",\"width\":250,\"height\":157,\"caption\":\"Laatuty\u00f6 Helama Oy\"},\"image\":{\"@id\":\"https:\/\/helama.fi\/#\/schema\/logo\/image\/\"}}]}<\/script>\n<!-- \/ Yoast SEO plugin. -->","yoast_head_json":{"title":"KUMPPANIT - Laatuty\u00f6 Helama Oy","robots":{"index":"index","follow":"follow","max-snippet":"max-snippet:-1","max-image-preview":"max-image-preview:large","max-video-preview":"max-video-preview:-1"},"canonical":"https:\/\/helama.fi\/?page_id=88","og_locale":"fi_FI","og_type":"article","og_title":"KUMPPANIT - Laatuty\u00f6 Helama Oy","og_description":"Rakennusliike Pekka H\u00e4m\u00e4l\u00e4inen Oy Rakennusalan palvelut, saneeraus- ja uudiskohteet Korves Oy Vedenk\u00e4sittelyn ja energiatuotannon erikoiskemikaalit Finnfuture Oy Kiinteist\u00f6automaatio, s\u00e4hk\u00f6ty\u00f6t Inmeco Oy Rakennus- ja kiinteist\u00f6alan asiantuntijapalvelut, Jyv\u00e4skyl\u00e4n Asuntomessujen talo numero kolme, El\u00e4m\u00e4n Lanka, putkity\u00f6t Laatuty\u00f6 Helama Oy www.asuntomessut.fi\/jyvaskyla-2014\/elaman-lanka Sis\u00e4-Suomen Rakennus Viimeistely Oy: SSRV","og_url":"https:\/\/helama.fi\/?page_id=88","og_site_name":"Laatuty\u00f6 Helama Oy","article_modified_time":"2019-10-31T14:32:31+00:00","og_image":[{"url":"http:\/\/helama.fi\/wp-content\/uploads\/2019\/10\/Logo2-1-1-300x96.png"}],"schema":{"@context":"https:\/\/schema.org","@graph":[{"@type":"WebPage","@id":"https:\/\/helama.fi\/?page_id=88","url":"https:\/\/helama.fi\/?page_id=88","name":"KUMPPANIT - Laatuty\u00f6 Helama Oy","isPartOf":{"@id":"https:\/\/helama.fi\/#website"},"datePublished":"2015-03-06T17:09:58+00:00","dateModified":"2019-10-31T14:32:31+00:00","breadcrumb":{"@id":"https:\/\/helama.fi\/?page_id=88#breadcrumb"},"inLanguage":"fi","potentialAction":[{"@type":"ReadAction","target":["https:\/\/helama.fi\/?page_id=88"]}]},{"@type":"BreadcrumbList","@id":"https:\/\/helama.fi\/?page_id=88#breadcrumb","itemListElement":[{"@type":"ListItem","position":1,"name":"Home","item":"https:\/\/helama.fi\/"},{"@type":"ListItem","position":2,"name":"KUMPPANIT"}]},{"@type":"WebSite","@id":"https:\/\/helama.fi\/#website","url":"https:\/\/helama.fi\/","name":"Laatuty\u00f6 Helama Oy","description":"Tasokkaasti luonnikas","publisher":{"@id":"https:\/\/helama.fi\/#organization"},"potentialAction":[{"@type":"SearchAction","target":{"@type":"EntryPoint","urlTemplate":"https:\/\/helama.fi\/?s={search_term_string}"},"query-input":"required name=search_term_string"}],"inLanguage":"fi"},{"@type":"Organization","@id":"https:\/\/helama.fi\/#organization","name":"Laatuty\u00f6 Helama Oy","url":"https:\/\/helama.fi\/","logo":{"@type":"ImageObject","inLanguage":"fi","@id":"https:\/\/helama.fi\/#\/schema\/logo\/image\/","url":"https:\/\/helama.fi\/wp-content\/uploads\/2015\/02\/helam_logo.png","contentUrl":"https:\/\/helama.fi\/wp-content\/uploads\/2015\/02\/helam_logo.png","width":250,"height":157,"caption":"Laatuty\u00f6 Helama Oy"},"image":{"@id":"https:\/\/helama.fi\/#\/schema\/logo\/image\/"}}]}},"_links":{"self":[{"href":"https:\/\/helama.fi\/index.php?rest_route=\/wp\/v2\/pages\/88"}],"collection":[{"href":"https:\/\/helama.fi\/index.php?rest_route=\/wp\/v2\/pages"}],"about":[{"href":"https:\/\/helama.fi\/index.php?rest_route=\/wp\/v2\/types\/page"}],"author":[{"embeddable":true,"href":"https:\/\/helama.fi\/index.php?rest_route=\/wp\/v2\/users\/1"}],"replies":[{"embeddable":true,"href":"https:\/\/helama.fi\/index.php?rest_route=%2Fwp%2Fv2%2Fcomments&post=88"}],"version-history":[{"count":8,"href":"https:\/\/helama.fi\/index.php?rest_route=\/wp\/v2\/pages\/88\/revisions"}],"predecessor-version":[{"id":117,"href":"https:\/\/helama.fi\/index.php?rest_route=\/wp\/v2\/pages\/88\/revisions\/117"}],"wp:attachment":[{"href":"https:\/\/helama.fi\/index.php?rest_route=%2Fwp%2Fv2%2Fmedia&parent=88"}],"curies":[{"name":"wp","href":"https:\/\/api.w.org\/{rel}","templated":true}]}}